{"id":29,"date":"2023-02-22T12:11:52","date_gmt":"2023-02-22T12:11:52","guid":{"rendered":"https:\/\/psychalb.mk\/?page_id=29"},"modified":"2025-01-14T15:22:56","modified_gmt":"2025-01-14T15:22:56","slug":"sherbimet","status":"publish","type":"page","link":"https:\/\/psychalb.mk\/en\/sherbimet\/","title":{"rendered":"Services"},"content":{"rendered":"<div data-elementor-type=\"wp-page\" data-elementor-id=\"29\" class=\"elementor elementor-29\" data-elementor-post-type=\"page\">\n\t\t\t\t\t\t<section class=\"elementor-section elementor-top-section elementor-element elementor-element-eacd0ea elementor-section-boxed elementor-section-height-default elementor-section-height-default\" data-id=\"eacd0ea\" data-element_type=\"section\">\n\t\t\t\t\t\t<div class=\"elementor-container elementor-column-gap-default\">\n\t\t\t\t\t<div class=\"elementor-column elementor-col-100 elementor-top-column elementor-element elementor-element-8dd7a1f\" data-id=\"8dd7a1f\" data-element_type=\"column\">\n\t\t\t<div class=\"elementor-widget-wrap elementor-element-populated\">\n\t\t\t\t\t\t<div class=\"elementor-element elementor-element-32d22b5 elementor-widget-divider--view-line elementor-widget elementor-widget-divider\" data-id=\"32d22b5\" data-element_type=\"widget\" data-widget_type=\"divider.default\">\n\t\t\t\t<div class=\"elementor-widget-container\">\n\t\t\t\t\t\t\t<div class=\"elementor-divider\">\n\t\t\t<span class=\"elementor-divider-separator\">\n\t\t\t\t\t\t<\/span>\n\t\t<\/div>\n\t\t\t\t\t\t<\/div>\n\t\t\t\t<\/div>\n\t\t\t\t\t<\/div>\n\t\t<\/div>\n\t\t\t\t\t<\/div>\n\t\t<\/section>\n\t\t\t\t<section class=\"elementor-section elementor-top-section elementor-element elementor-element-c2c337f elementor-section-boxed elementor-section-height-default elementor-section-height-default\" data-id=\"c2c337f\" data-element_type=\"section\">\n\t\t\t\t\t\t<div class=\"elementor-container elementor-column-gap-default\">\n\t\t\t\t\t<div class=\"elementor-column elementor-col-100 elementor-top-column elementor-element elementor-element-528e9a9\" data-id=\"528e9a9\" data-element_type=\"column\">\n\t\t\t<div class=\"elementor-widget-wrap elementor-element-populated\">\n\t\t\t\t\t\t<div class=\"elementor-element elementor-element-57cdad6 elementor-widget elementor-widget-text-editor\" data-id=\"57cdad6\" data-element_type=\"widget\" data-widget_type=\"text-editor.default\">\n\t\t\t\t<div class=\"elementor-widget-container\">\n\t\t\t\t\t\t\t\t\t<p><span style=\"font-weight: 400;\">In the Psychalb center you can find effective services based on verified and proven approaches in the field of psychology. Psychalb cares to offer all clients without distinction a safe, warm and non-judgmental space to overcome different life situations. Confidentiality and empathy are our primary duties!\u00a0<\/span><\/p>\t\t\t\t\t\t\t\t<\/div>\n\t\t\t\t<\/div>\n\t\t\t\t\t<\/div>\n\t\t<\/div>\n\t\t\t\t\t<\/div>\n\t\t<\/section>\n\t\t\t\t<section class=\"elementor-section elementor-top-section elementor-element elementor-element-7fdca7f elementor-section-boxed elementor-section-height-default elementor-section-height-default\" data-id=\"7fdca7f\" data-element_type=\"section\">\n\t\t\t\t\t\t<div class=\"elementor-container elementor-column-gap-default\">\n\t\t\t\t\t<div class=\"elementor-column elementor-col-100 elementor-top-column elementor-element elementor-element-58a9347\" data-id=\"58a9347\" data-element_type=\"column\">\n\t\t\t<div class=\"elementor-widget-wrap elementor-element-populated\">\n\t\t\t\t\t\t<div class=\"elementor-element elementor-element-3aeb1b7 elementor-grid-2 elementor-posts__hover-none elementor-grid-tablet-2 elementor-grid-mobile-1 elementor-posts--thumbnail-top elementor-widget elementor-widget-posts\" data-id=\"3aeb1b7\" data-element_type=\"widget\" data-settings=\"{&quot;cards_columns&quot;:&quot;2&quot;,&quot;cards_columns_tablet&quot;:&quot;2&quot;,&quot;cards_columns_mobile&quot;:&quot;1&quot;,&quot;cards_row_gap&quot;:{&quot;unit&quot;:&quot;px&quot;,&quot;size&quot;:35,&quot;sizes&quot;:[]},&quot;cards_row_gap_tablet&quot;:{&quot;unit&quot;:&quot;px&quot;,&quot;size&quot;:&quot;&quot;,&quot;sizes&quot;:[]},&quot;cards_row_gap_mobile&quot;:{&quot;unit&quot;:&quot;px&quot;,&quot;size&quot;:&quot;&quot;,&quot;sizes&quot;:[]}}\" data-widget_type=\"posts.cards\">\n\t\t\t\t<div class=\"elementor-widget-container\">\n\t\t\t\t\t\t\t<div class=\"elementor-posts-container elementor-posts elementor-posts--skin-cards elementor-grid\">\n\t\t\t\t<article class=\"elementor-post elementor-grid-item post-440 post type-post status-publish format-standard has-post-thumbnail hentry category-sherbimet\">\n\t\t\t<div class=\"elementor-post__card\">\n\t\t\t\t<a class=\"elementor-post__thumbnail__link\" href=\"https:\/\/psychalb.mk\/en\/2023\/05\/25\/trajtim-dhe-keshillim-psikologjik-per-te-rritur\/\" tabindex=\"-1\" ><div class=\"elementor-post__thumbnail\"><img fetchpriority=\"high\" decoding=\"async\" width=\"1080\" height=\"1080\" src=\"https:\/\/psychalb.mk\/wp-content\/uploads\/2023\/05\/img4.jpg\" class=\"attachment-full size-full wp-image-276\" alt=\"\" srcset=\"https:\/\/psychalb.mk\/wp-content\/uploads\/2023\/05\/img4.jpg 1080w, https:\/\/psychalb.mk\/wp-content\/uploads\/2023\/05\/img4-300x300.jpg 300w, https:\/\/psychalb.mk\/wp-content\/uploads\/2023\/05\/img4-1024x1024.jpg 1024w, https:\/\/psychalb.mk\/wp-content\/uploads\/2023\/05\/img4-150x150.jpg 150w, https:\/\/psychalb.mk\/wp-content\/uploads\/2023\/05\/img4-768x768.jpg 768w\" sizes=\"(max-width: 1080px) 100vw, 1080px\" \/><\/div><\/a>\n\t\t\t\t<div class=\"elementor-post__badge\">Services<\/div>\n\t\t\t\t<div class=\"elementor-post__text\">\n\t\t\t\t<h3 class=\"elementor-post__title\">\n\t\t\t<a href=\"https:\/\/psychalb.mk\/en\/2023\/05\/25\/trajtim-dhe-keshillim-psikologjik-per-te-rritur\/\" >\n\t\t\t\tPsychological treatment and counseling for adults\t\t\t<\/a>\n\t\t<\/h3>\n\t\t\t\t<\/div>\n\t\t\t\t\t<\/div>\n\t\t<\/article>\n\t\t\t\t<article class=\"elementor-post elementor-grid-item post-442 post type-post status-publish format-standard has-post-thumbnail hentry category-sherbimet\">\n\t\t\t<div class=\"elementor-post__card\">\n\t\t\t\t<a class=\"elementor-post__thumbnail__link\" href=\"https:\/\/psychalb.mk\/en\/2023\/05\/25\/trajtim-psikologjik-per-femije\/\" tabindex=\"-1\" ><div class=\"elementor-post__thumbnail\"><img decoding=\"async\" width=\"1080\" height=\"1080\" src=\"https:\/\/psychalb.mk\/wp-content\/uploads\/2023\/05\/img5.jpg\" class=\"attachment-full size-full wp-image-280\" alt=\"\" srcset=\"https:\/\/psychalb.mk\/wp-content\/uploads\/2023\/05\/img5.jpg 1080w, https:\/\/psychalb.mk\/wp-content\/uploads\/2023\/05\/img5-300x300.jpg 300w, https:\/\/psychalb.mk\/wp-content\/uploads\/2023\/05\/img5-1024x1024.jpg 1024w, https:\/\/psychalb.mk\/wp-content\/uploads\/2023\/05\/img5-150x150.jpg 150w, https:\/\/psychalb.mk\/wp-content\/uploads\/2023\/05\/img5-768x768.jpg 768w\" sizes=\"(max-width: 1080px) 100vw, 1080px\" \/><\/div><\/a>\n\t\t\t\t<div class=\"elementor-post__badge\">Services<\/div>\n\t\t\t\t<div class=\"elementor-post__text\">\n\t\t\t\t<h3 class=\"elementor-post__title\">\n\t\t\t<a href=\"https:\/\/psychalb.mk\/en\/2023\/05\/25\/trajtim-psikologjik-per-femije\/\" >\n\t\t\t\tPsychological treatment for children\t\t\t<\/a>\n\t\t<\/h3>\n\t\t\t\t<\/div>\n\t\t\t\t\t<\/div>\n\t\t<\/article>\n\t\t\t\t<article class=\"elementor-post elementor-grid-item post-444 post type-post status-publish format-standard has-post-thumbnail hentry category-sherbimet\">\n\t\t\t<div class=\"elementor-post__card\">\n\t\t\t\t<a class=\"elementor-post__thumbnail__link\" href=\"https:\/\/psychalb.mk\/en\/2023\/05\/25\/kurset\/\" tabindex=\"-1\" ><div class=\"elementor-post__thumbnail\"><img decoding=\"async\" width=\"1080\" height=\"1080\" src=\"https:\/\/psychalb.mk\/wp-content\/uploads\/2023\/05\/img6.jpg\" class=\"attachment-full size-full wp-image-284\" alt=\"\" srcset=\"https:\/\/psychalb.mk\/wp-content\/uploads\/2023\/05\/img6.jpg 1080w, https:\/\/psychalb.mk\/wp-content\/uploads\/2023\/05\/img6-300x300.jpg 300w, https:\/\/psychalb.mk\/wp-content\/uploads\/2023\/05\/img6-1024x1024.jpg 1024w, https:\/\/psychalb.mk\/wp-content\/uploads\/2023\/05\/img6-150x150.jpg 150w, https:\/\/psychalb.mk\/wp-content\/uploads\/2023\/05\/img6-768x768.jpg 768w\" sizes=\"(max-width: 1080px) 100vw, 1080px\" \/><\/div><\/a>\n\t\t\t\t<div class=\"elementor-post__badge\">Services<\/div>\n\t\t\t\t<div class=\"elementor-post__text\">\n\t\t\t\t<h3 class=\"elementor-post__title\">\n\t\t\t<a href=\"https:\/\/psychalb.mk\/en\/2023\/05\/25\/kurset\/\" >\n\t\t\t\tCourses\t\t\t<\/a>\n\t\t<\/h3>\n\t\t\t\t<\/div>\n\t\t\t\t\t<\/div>\n\t\t<\/article>\n\t\t\t\t<article class=\"elementor-post elementor-grid-item post-446 post type-post status-publish format-standard has-post-thumbnail hentry category-sherbimet\">\n\t\t\t<div class=\"elementor-post__card\">\n\t\t\t\t<a class=\"elementor-post__thumbnail__link\" href=\"https:\/\/psychalb.mk\/en\/2023\/05\/25\/sherbime-mobile\/\" tabindex=\"-1\" ><div class=\"elementor-post__thumbnail\"><img loading=\"lazy\" decoding=\"async\" width=\"1080\" height=\"1080\" src=\"https:\/\/psychalb.mk\/wp-content\/uploads\/2023\/05\/img7.jpg\" class=\"attachment-full size-full wp-image-288\" alt=\"\" srcset=\"https:\/\/psychalb.mk\/wp-content\/uploads\/2023\/05\/img7.jpg 1080w, https:\/\/psychalb.mk\/wp-content\/uploads\/2023\/05\/img7-300x300.jpg 300w, https:\/\/psychalb.mk\/wp-content\/uploads\/2023\/05\/img7-1024x1024.jpg 1024w, https:\/\/psychalb.mk\/wp-content\/uploads\/2023\/05\/img7-150x150.jpg 150w, https:\/\/psychalb.mk\/wp-content\/uploads\/2023\/05\/img7-768x768.jpg 768w\" sizes=\"(max-width: 1080px) 100vw, 1080px\" \/><\/div><\/a>\n\t\t\t\t<div class=\"elementor-post__badge\">Services<\/div>\n\t\t\t\t<div class=\"elementor-post__text\">\n\t\t\t\t<h3 class=\"elementor-post__title\">\n\t\t\t<a href=\"https:\/\/psychalb.mk\/en\/2023\/05\/25\/sherbime-mobile\/\" >\n\t\t\t\tMobile services\t\t\t<\/a>\n\t\t<\/h3>\n\t\t\t\t<\/div>\n\t\t\t\t\t<\/div>\n\t\t<\/article>\n\t\t\t\t<\/div>\n\t\t\n\t\t\t\t\t\t<\/div>\n\t\t\t\t<\/div>\n\t\t\t\t\t<\/div>\n\t\t<\/div>\n\t\t\t\t\t<\/div>\n\t\t<\/section>\n\t\t\t\t<\/div>","protected":false},"excerpt":{"rendered":"<p>N\u00eb qendr\u00ebn Psychalb mund t\u00eb gjeni sh\u00ebrbime efektive t\u00eb bazuara n\u00eb qasje t\u00eb verifikuara dhe t\u00eb d\u00ebshmuara n\u00eb fush\u00ebn e psikologjis\u00eb. Psychalb kujdeset q\u00eb t\u00eb<\/p>","protected":false},"author":1,"featured_media":0,"parent":0,"menu_order":0,"comment_status":"closed","ping_status":"closed","template":"","meta":{"footnotes":""},"class_list":["post-29","page","type-page","status-publish","hentry"],"_links":{"self":[{"href":"https:\/\/psychalb.mk\/en\/wp-json\/wp\/v2\/pages\/29","targetHints":{"allow":["GET"]}}],"collection":[{"href":"https:\/\/psychalb.mk\/en\/wp-json\/wp\/v2\/pages"}],"about":[{"href":"https:\/\/psychalb.mk\/en\/wp-json\/wp\/v2\/types\/page"}],"author":[{"embeddable":true,"href":"https:\/\/psychalb.mk\/en\/wp-json\/wp\/v2\/users\/1"}],"replies":[{"embeddable":true,"href":"https:\/\/psychalb.mk\/en\/wp-json\/wp\/v2\/comments?post=29"}],"version-history":[{"count":10,"href":"https:\/\/psychalb.mk\/en\/wp-json\/wp\/v2\/pages\/29\/revisions"}],"predecessor-version":[{"id":906,"href":"https:\/\/psychalb.mk\/en\/wp-json\/wp\/v2\/pages\/29\/revisions\/906"}],"wp:attachment":[{"href":"https:\/\/psychalb.mk\/en\/wp-json\/wp\/v2\/media?parent=29"}],"curies":[{"name":"wp","href":"https:\/\/api.w.org\/{rel}","templated":true}]}}