{"id":503,"date":"2023-05-26T07:14:40","date_gmt":"2023-05-26T07:14:40","guid":{"rendered":"https:\/\/psychalb.mk\/?page_id=503"},"modified":"2025-01-14T15:15:58","modified_gmt":"2025-01-14T15:15:58","slug":"arife-ameti","status":"publish","type":"page","link":"https:\/\/psychalb.mk\/en\/arife-ameti\/","title":{"rendered":"Arife Ameti"},"content":{"rendered":"<div data-elementor-type=\"wp-page\" data-elementor-id=\"503\" class=\"elementor elementor-503\" data-elementor-post-type=\"page\">\n\t\t\t\t\t\t<section class=\"elementor-section elementor-top-section elementor-element elementor-element-2792311 elementor-section-boxed elementor-section-height-default elementor-section-height-default\" data-id=\"2792311\" data-element_type=\"section\">\n\t\t\t\t\t\t<div class=\"elementor-container elementor-column-gap-default\">\n\t\t\t\t\t<div class=\"elementor-column elementor-col-100 elementor-top-column elementor-element elementor-element-4953fd2\" data-id=\"4953fd2\" data-element_type=\"column\">\n\t\t\t<div class=\"elementor-widget-wrap elementor-element-populated\">\n\t\t\t\t\t\t<div class=\"elementor-element elementor-element-8e27bdc elementor-widget elementor-widget-heading\" data-id=\"8e27bdc\" data-element_type=\"widget\" data-widget_type=\"heading.default\">\n\t\t\t\t<div class=\"elementor-widget-container\">\n\t\t\t\t\t<h2 class=\"elementor-heading-title elementor-size-default\">Arife Ameti<\/h2>\t\t\t\t<\/div>\n\t\t\t\t<\/div>\n\t\t\t\t<div class=\"elementor-element elementor-element-f3dfe77 elementor-widget elementor-widget-text-editor\" data-id=\"f3dfe77\" data-element_type=\"widget\" data-widget_type=\"text-editor.default\">\n\t\t\t\t<div class=\"elementor-widget-container\">\n\t\t\t\t\t\t\t\t\t<p class=\"p1\">licensed psychologist\/ counselor and psychotherapist in education<\/p>\t\t\t\t\t\t\t\t<\/div>\n\t\t\t\t<\/div>\n\t\t\t\t<div class=\"elementor-element elementor-element-836bb08 elementor-widget-divider--view-line elementor-widget elementor-widget-divider\" data-id=\"836bb08\" data-element_type=\"widget\" data-widget_type=\"divider.default\">\n\t\t\t\t<div class=\"elementor-widget-container\">\n\t\t\t\t\t\t\t<div class=\"elementor-divider\">\n\t\t\t<span class=\"elementor-divider-separator\">\n\t\t\t\t\t\t<\/span>\n\t\t<\/div>\n\t\t\t\t\t\t<\/div>\n\t\t\t\t<\/div>\n\t\t\t\t\t<\/div>\n\t\t<\/div>\n\t\t\t\t\t<\/div>\n\t\t<\/section>\n\t\t\t\t<section class=\"elementor-section elementor-top-section elementor-element elementor-element-2913082 elementor-section-boxed elementor-section-height-default elementor-section-height-default\" data-id=\"2913082\" data-element_type=\"section\">\n\t\t\t\t\t\t<div class=\"elementor-container elementor-column-gap-default\">\n\t\t\t\t\t<div class=\"elementor-column elementor-col-50 elementor-top-column elementor-element elementor-element-2589bf6\" data-id=\"2589bf6\" data-element_type=\"column\">\n\t\t\t<div class=\"elementor-widget-wrap elementor-element-populated\">\n\t\t\t\t\t\t<div class=\"elementor-element elementor-element-debc6e5 elementor-widget elementor-widget-image\" data-id=\"debc6e5\" data-element_type=\"widget\" data-widget_type=\"image.default\">\n\t\t\t\t<div class=\"elementor-widget-container\">\n\t\t\t\t\t\t\t\t\t\t\t\t\t\t\t<img fetchpriority=\"high\" decoding=\"async\" width=\"408\" height=\"611\" src=\"https:\/\/psychalb.mk\/wp-content\/uploads\/2023\/03\/2__2_-removebg-preview.png\" class=\"attachment-full size-full wp-image-256\" alt=\"\" srcset=\"https:\/\/psychalb.mk\/wp-content\/uploads\/2023\/03\/2__2_-removebg-preview.png 408w, https:\/\/psychalb.mk\/wp-content\/uploads\/2023\/03\/2__2_-removebg-preview-200x300.png 200w\" sizes=\"(max-width: 408px) 100vw, 408px\" \/>\t\t\t\t\t\t\t\t\t\t\t\t\t\t\t<\/div>\n\t\t\t\t<\/div>\n\t\t\t\t\t<\/div>\n\t\t<\/div>\n\t\t\t\t<div class=\"elementor-column elementor-col-50 elementor-top-column elementor-element elementor-element-80ef293\" data-id=\"80ef293\" data-element_type=\"column\">\n\t\t\t<div class=\"elementor-widget-wrap elementor-element-populated\">\n\t\t\t\t\t\t<div class=\"elementor-element elementor-element-e7390ab elementor-widget elementor-widget-text-editor\" data-id=\"e7390ab\" data-element_type=\"widget\" data-widget_type=\"text-editor.default\">\n\t\t\t\t<div class=\"elementor-widget-container\">\n\t\t\t\t\t\t\t\t\t<p><span style=\"font-weight: 400;\"><strong>Arife Ameti<\/strong> has completed studies in professional psychology and master's studies in Counseling and Career Psychology. She is licensed by the Chamber of Psychologists of RMV, she specializes in the field of Gestalt psychotherapy counseling accredited by EAGT (European Association for Gestalt Therapy), as well as in Positive and Transcultural Psychotherapy accredited by the world association for psychotherapy. She is educated in a new BCI &amp; Neurotechnology approach from g.tec medical engineering. She has continuously participated in various professional trainings, seminars and conferences. Arife currently manages several local and external projects related to psychology and social fields.\u00a0<\/span><\/p><p><span style=\"font-weight: 400;\">In her practice as a psychologist\/counselor with clients, she uses as a resource the various approaches in which she is certified and mainly works with teenagers and adults.<\/span><\/p>\t\t\t\t\t\t\t\t<\/div>\n\t\t\t\t<\/div>\n\t\t\t\t\t<\/div>\n\t\t<\/div>\n\t\t\t\t\t<\/div>\n\t\t<\/section>\n\t\t\t\t<\/div>","protected":false},"excerpt":{"rendered":"<p>Arife Ameti psikologe e licencuar\/ k\u00ebshilluese dhe psikoterapiste n\u00eb edukim Arife Ameti ka p\u00ebrfunduar studimet n\u00eb psikologji profesionale dhe studime master n\u00eb Psikologjin e K\u00ebshillimit dhe Karrier\u00ebs. Ajo \u00ebsht\u00eb licencuar nga Oda e Psikolog\u00ebve t\u00eb RMV-s\u00eb, ka specializuar n\u00eb fush\u00ebn e k\u00ebshillimit t\u00eb Gestalt psikoterapis\u00eb t\u00eb akredituar nga EAGT (European Association for Gestalt Therapy), si [&hellip;]<\/p>","protected":false},"author":1,"featured_media":0,"parent":0,"menu_order":0,"comment_status":"closed","ping_status":"closed","template":"","meta":{"footnotes":""},"class_list":["post-503","page","type-page","status-publish","hentry"],"_links":{"self":[{"href":"https:\/\/psychalb.mk\/en\/wp-json\/wp\/v2\/pages\/503","targetHints":{"allow":["GET"]}}],"collection":[{"href":"https:\/\/psychalb.mk\/en\/wp-json\/wp\/v2\/pages"}],"about":[{"href":"https:\/\/psychalb.mk\/en\/wp-json\/wp\/v2\/types\/page"}],"author":[{"embeddable":true,"href":"https:\/\/psychalb.mk\/en\/wp-json\/wp\/v2\/users\/1"}],"replies":[{"embeddable":true,"href":"https:\/\/psychalb.mk\/en\/wp-json\/wp\/v2\/comments?post=503"}],"version-history":[{"count":10,"href":"https:\/\/psychalb.mk\/en\/wp-json\/wp\/v2\/pages\/503\/revisions"}],"predecessor-version":[{"id":878,"href":"https:\/\/psychalb.mk\/en\/wp-json\/wp\/v2\/pages\/503\/revisions\/878"}],"wp:attachment":[{"href":"https:\/\/psychalb.mk\/en\/wp-json\/wp\/v2\/media?parent=503"}],"curies":[{"name":"wp","href":"https:\/\/api.w.org\/{rel}","templated":true}]}}